{"id":367,"date":"2024-04-27T15:47:38","date_gmt":"2024-04-27T13:47:38","guid":{"rendered":"https:\/\/julientiberghien.com\/?page_id=367"},"modified":"2024-05-09T15:55:21","modified_gmt":"2024-05-09T13:55:21","slug":"le-quadrille-des-abeilles","status":"publish","type":"page","link":"https:\/\/julientiberghien.com\/index.php\/projets\/le-quadrille-des-abeilles\/","title":{"rendered":"Le Quadrille des Abeilles"},"content":{"rendered":"\n<p>L&rsquo;ann\u00e9e 2023 fut l&rsquo;occasion de pr\u00e9senter le r\u00e9sultat d&rsquo;un travail de recherche important sur un quadrille de 1863 dont nous avions tr\u00e8s peu de sources : le Quadrille des Abeilles, du 09 f\u00e9vrier 1863. <\/p>\n\n\n\n<p>Je vous restitue ici les r\u00e9sultats de ce travail, accompagn\u00e9s d&rsquo;une recr\u00e9ation partielle de la chor\u00e9graphie, des costumes et des accessoires. Toute la d\u00e9marche et le r\u00e9sultat est pr\u00e9sent\u00e9 dans les 3 articles ci-dessous et la vid\u00e9o de la repr\u00e9sentation du 18 novembre 2023 lors des Imp\u00e9riales de Fontainebleau, en bas de page. <\/p>\n\n\n\n<p><\/p>\n\n\n\n<div class=\"wp-block-columns is-layout-flex wp-container-core-columns-is-layout-28f84493 wp-block-columns-is-layout-flex\">\n<div class=\"wp-block-column is-layout-flow wp-block-column-is-layout-flow\">\n<div class=\"wp-block-query alignwide is-layout-constrained wp-block-query-is-layout-constrained\">\n<div class=\"wp-block-group alignwide is-layout-constrained wp-block-group-is-layout-constrained\"><ul class=\"columns-1 alignwide wp-block-post-template is-layout-grid wp-container-core-post-template-is-layout-19505109 wp-block-post-template-is-layout-grid\"><li class=\"wp-block-post post-309 post type-post status-publish format-standard has-post-thumbnail hentry category-danse tag-quadrille tag-xixe-siecle\">\n<figure style=\"width:100%;height:318px;\" class=\"wp-block-post-featured-image\"><a href=\"https:\/\/julientiberghien.com\/index.php\/2024\/04\/27\/le-quadrille-des-abeilles-reconstitution-2023\/\" target=\"_self\"  style=\"height:318px\"><img loading=\"lazy\" decoding=\"async\" width=\"600\" height=\"478\" src=\"https:\/\/julientiberghien.com\/wp-content\/uploads\/2024\/04\/quadrille-des-abeilles-fleur.jpg\" class=\"attachment-post-thumbnail size-post-thumbnail wp-post-image\" alt=\"Le quadrille des Abeilles &#8211; reconstitution 2023\" style=\"height:318px;object-fit:cover;\" srcset=\"https:\/\/julientiberghien.com\/wp-content\/uploads\/2024\/04\/quadrille-des-abeilles-fleur.jpg 600w, https:\/\/julientiberghien.com\/wp-content\/uploads\/2024\/04\/quadrille-des-abeilles-fleur-300x239.jpg 300w\" sizes=\"auto, (max-width: 600px) 100vw, 600px\" \/><\/a><\/figure>\n\n<h2 class=\"wp-block-post-title has-x-large-font-size\"><a href=\"https:\/\/julientiberghien.com\/index.php\/2024\/04\/27\/le-quadrille-des-abeilles-reconstitution-2023\/\" target=\"_self\" >Le quadrille des Abeilles &#8211; reconstitution 2023<\/a><\/h2>\n\n<div class=\"wp-block-post-excerpt\"><p class=\"wp-block-post-excerpt__excerpt\">Comment a \u00e9t\u00e9 reconstitu\u00e9 le Quadrille des Abeilles ? Tout le cheminement est ici pr\u00e9sent\u00e9 pour en appr\u00e9hender la d\u00e9marche artistique <\/p><\/div>\n\n<div class=\"wp-block-post-date has-small-font-size\"><time datetime=\"2024-04-27T09:43:08+02:00\"><a href=\"https:\/\/julientiberghien.com\/index.php\/2024\/04\/27\/le-quadrille-des-abeilles-reconstitution-2023\/\">avril 27, 2024<\/a><\/time><\/div>\n<\/li><li class=\"wp-block-post post-307 post type-post status-publish format-standard has-post-thumbnail hentry category-danse tag-quadrille tag-xixe-siecle\">\n<figure style=\"width:100%;height:318px;\" class=\"wp-block-post-featured-image\"><a href=\"https:\/\/julientiberghien.com\/index.php\/2024\/04\/27\/les-ballets-et-autres-quadrilles-des-abeilles\/\" target=\"_self\"  style=\"height:318px\"><img loading=\"lazy\" decoding=\"async\" width=\"480\" height=\"660\" src=\"https:\/\/julientiberghien.com\/wp-content\/uploads\/2024\/04\/Melle-Taglioni-en-Abeille-le-juif-errant.jpg\" class=\"attachment-post-thumbnail size-post-thumbnail wp-post-image\" alt=\"Les ballets et autres quadrilles des Abeilles\" style=\"height:318px;object-fit:cover;\" srcset=\"https:\/\/julientiberghien.com\/wp-content\/uploads\/2024\/04\/Melle-Taglioni-en-Abeille-le-juif-errant.jpg 480w, https:\/\/julientiberghien.com\/wp-content\/uploads\/2024\/04\/Melle-Taglioni-en-Abeille-le-juif-errant-218x300.jpg 218w\" sizes=\"auto, (max-width: 480px) 100vw, 480px\" \/><\/a><\/figure>\n\n<h2 class=\"wp-block-post-title has-x-large-font-size\"><a href=\"https:\/\/julientiberghien.com\/index.php\/2024\/04\/27\/les-ballets-et-autres-quadrilles-des-abeilles\/\" target=\"_self\" >Les ballets et autres quadrilles des Abeilles<\/a><\/h2>\n\n<div class=\"wp-block-post-excerpt\"><p class=\"wp-block-post-excerpt__excerpt\">Les recherches autour du quadrille des Abeilles de 1863 ont ind\u00e9niablement men\u00e9 vers le ballet d&rsquo;origine, mais aussi vers d&rsquo;autres quadrilles ou passage de ballet qui traitent du th\u00e8me de l&rsquo;abeille <\/p><\/div>\n\n<div class=\"wp-block-post-date has-small-font-size\"><time datetime=\"2024-04-27T09:21:01+02:00\"><a href=\"https:\/\/julientiberghien.com\/index.php\/2024\/04\/27\/les-ballets-et-autres-quadrilles-des-abeilles\/\">avril 27, 2024<\/a><\/time><\/div>\n<\/li><li class=\"wp-block-post post-304 post type-post status-publish format-standard has-post-thumbnail hentry category-danse tag-bal tag-quadrille tag-xixe-siecle\">\n<figure style=\"width:100%;height:318px;\" class=\"wp-block-post-featured-image\"><a href=\"https:\/\/julientiberghien.com\/index.php\/2024\/04\/27\/le-quadrille-des-abeilles-de-1863\/\" target=\"_self\"  style=\"height:318px\"><img loading=\"lazy\" decoding=\"async\" width=\"390\" height=\"291\" src=\"https:\/\/julientiberghien.com\/wp-content\/uploads\/2024\/04\/Maurand-ballet-des-abeilles-arrivee-de-ruches.png\" class=\"attachment-post-thumbnail size-post-thumbnail wp-post-image\" alt=\"Le quadrille des Abeilles de 1863\" style=\"height:318px;object-fit:cover;\" srcset=\"https:\/\/julientiberghien.com\/wp-content\/uploads\/2024\/04\/Maurand-ballet-des-abeilles-arrivee-de-ruches.png 390w, https:\/\/julientiberghien.com\/wp-content\/uploads\/2024\/04\/Maurand-ballet-des-abeilles-arrivee-de-ruches-300x224.png 300w\" sizes=\"auto, (max-width: 390px) 100vw, 390px\" \/><\/a><\/figure>\n\n<h2 class=\"wp-block-post-title has-x-large-font-size\"><a href=\"https:\/\/julientiberghien.com\/index.php\/2024\/04\/27\/le-quadrille-des-abeilles-de-1863\/\" target=\"_self\" >Le quadrille des Abeilles de 1863<\/a><\/h2>\n\n<div class=\"wp-block-post-excerpt\"><p class=\"wp-block-post-excerpt__excerpt\">Le 9 f\u00e9vrier 1863 inaugure le d\u00e9but d\u2019une semaine rythm\u00e9e par trois bals de Carnaval tous plus exub\u00e9rants les uns que les autres. Le plus fameux sera le premier, marqu\u00e9 par un \u00e9v\u00e8nement qui fera date\u00a0: le quadrille des Abeilles. <\/p><\/div>\n\n<div class=\"wp-block-post-date has-small-font-size\"><time datetime=\"2024-04-27T09:01:04+02:00\"><a href=\"https:\/\/julientiberghien.com\/index.php\/2024\/04\/27\/le-quadrille-des-abeilles-de-1863\/\">avril 27, 2024<\/a><\/time><\/div>\n<\/li><\/ul><\/div>\n\n\n\n<hr class=\"wp-block-separator has-css-opacity alignwide is-style-wide\"\/>\n<\/div>\n<\/div>\n<\/div>\n\n\n\n<figure class=\"wp-block-embed is-type-video is-provider-youtube wp-block-embed-youtube wp-embed-aspect-16-9 wp-has-aspect-ratio\"><div class=\"wp-block-embed__wrapper\">\n<iframe loading=\"lazy\" title=\"Le Quadrille des Abeilles - 1863-2023\" width=\"500\" height=\"281\" src=\"https:\/\/www.youtube.com\/embed\/Elj8NlS-iZo?feature=oembed\" frameborder=\"0\" allow=\"accelerometer; autoplay; clipboard-write; encrypted-media; gyroscope; picture-in-picture; web-share\" referrerpolicy=\"strict-origin-when-cross-origin\" allowfullscreen><\/iframe>\n<\/div><\/figure>\n","protected":false},"excerpt":{"rendered":"<p>L&rsquo;ann\u00e9e 2023 fut l&rsquo;occasion de pr\u00e9senter le r\u00e9sultat d&rsquo;un travail de recherche important sur un quadrille de 1863 dont nous avions tr\u00e8s peu de sources : le Quadrille des Abeilles, du 09 f\u00e9vrier 1863. Je vous restitue ici les r\u00e9sultats de ce travail, accompagn\u00e9s d&rsquo;une recr\u00e9ation partielle de la chor\u00e9graphie, des costumes et des accessoires. [&hellip;]<\/p>\n","protected":false},"author":1,"featured_media":0,"parent":78,"menu_order":0,"comment_status":"closed","ping_status":"closed","template":"","meta":{"footnotes":""},"class_list":["post-367","page","type-page","status-publish","hentry"],"yoast_head":"<!-- This site is optimized with the Yoast SEO plugin v24.8.1 - https:\/\/yoast.com\/wordpress\/plugins\/seo\/ -->\n<title>Le Quadrille des Abeilles - Julien Tiberghien<\/title>\n<meta name=\"robots\" content=\"index, follow, max-snippet:-1, max-image-preview:large, max-video-preview:-1\" \/>\n<link rel=\"canonical\" href=\"https:\/\/julientiberghien.com\/index.php\/projets\/le-quadrille-des-abeilles\/\" \/>\n<meta property=\"og:locale\" content=\"fr_FR\" \/>\n<meta property=\"og:type\" content=\"article\" \/>\n<meta property=\"og:title\" content=\"Le Quadrille des Abeilles - Julien Tiberghien\" \/>\n<meta property=\"og:description\" content=\"L&rsquo;ann\u00e9e 2023 fut l&rsquo;occasion de pr\u00e9senter le r\u00e9sultat d&rsquo;un travail de recherche important sur un quadrille de 1863 dont nous avions tr\u00e8s peu de sources : le Quadrille des Abeilles, du 09 f\u00e9vrier 1863. Je vous restitue ici les r\u00e9sultats de ce travail, accompagn\u00e9s d&rsquo;une recr\u00e9ation partielle de la chor\u00e9graphie, des costumes et des accessoires. [&hellip;]\" \/>\n<meta property=\"og:url\" content=\"https:\/\/julientiberghien.com\/index.php\/projets\/le-quadrille-des-abeilles\/\" \/>\n<meta property=\"og:site_name\" content=\"Julien Tiberghien\" \/>\n<meta property=\"article:modified_time\" content=\"2024-05-09T13:55:21+00:00\" \/>\n<meta name=\"twitter:card\" content=\"summary_large_image\" \/>\n<meta name=\"twitter:label1\" content=\"Dur\u00e9e de lecture estim\u00e9e\" \/>\n\t<meta name=\"twitter:data1\" content=\"1 minute\" \/>\n<script type=\"application\/ld+json\" class=\"yoast-schema-graph\">{\"@context\":\"https:\/\/schema.org\",\"@graph\":[{\"@type\":\"WebPage\",\"@id\":\"https:\/\/julientiberghien.com\/index.php\/projets\/le-quadrille-des-abeilles\/\",\"url\":\"https:\/\/julientiberghien.com\/index.php\/projets\/le-quadrille-des-abeilles\/\",\"name\":\"Le Quadrille des Abeilles - Julien Tiberghien\",\"isPartOf\":{\"@id\":\"https:\/\/julientiberghien.com\/#website\"},\"datePublished\":\"2024-04-27T13:47:38+00:00\",\"dateModified\":\"2024-05-09T13:55:21+00:00\",\"breadcrumb\":{\"@id\":\"https:\/\/julientiberghien.com\/index.php\/projets\/le-quadrille-des-abeilles\/#breadcrumb\"},\"inLanguage\":\"fr-FR\",\"potentialAction\":[{\"@type\":\"ReadAction\",\"target\":[\"https:\/\/julientiberghien.com\/index.php\/projets\/le-quadrille-des-abeilles\/\"]}]},{\"@type\":\"BreadcrumbList\",\"@id\":\"https:\/\/julientiberghien.com\/index.php\/projets\/le-quadrille-des-abeilles\/#breadcrumb\",\"itemListElement\":[{\"@type\":\"ListItem\",\"position\":1,\"name\":\"Accueil\",\"item\":\"https:\/\/julientiberghien.com\/\"},{\"@type\":\"ListItem\",\"position\":2,\"name\":\"Projets\",\"item\":\"https:\/\/julientiberghien.com\/index.php\/projets\/\"},{\"@type\":\"ListItem\",\"position\":3,\"name\":\"Le Quadrille des Abeilles\"}]},{\"@type\":\"WebSite\",\"@id\":\"https:\/\/julientiberghien.com\/#website\",\"url\":\"https:\/\/julientiberghien.com\/\",\"name\":\"Julien Tiberghien\",\"description\":\"Danseur, musicien, transmetteur\",\"publisher\":{\"@id\":\"https:\/\/julientiberghien.com\/#organization\"},\"potentialAction\":[{\"@type\":\"SearchAction\",\"target\":{\"@type\":\"EntryPoint\",\"urlTemplate\":\"https:\/\/julientiberghien.com\/?s={search_term_string}\"},\"query-input\":{\"@type\":\"PropertyValueSpecification\",\"valueRequired\":true,\"valueName\":\"search_term_string\"}}],\"inLanguage\":\"fr-FR\"},{\"@type\":\"Organization\",\"@id\":\"https:\/\/julientiberghien.com\/#organization\",\"name\":\"Julien Tiberghien\",\"url\":\"https:\/\/julientiberghien.com\/\",\"logo\":{\"@type\":\"ImageObject\",\"inLanguage\":\"fr-FR\",\"@id\":\"https:\/\/julientiberghien.com\/#\/schema\/logo\/image\/\",\"url\":\"https:\/\/julientiberghien.com\/wp-content\/uploads\/2024\/04\/Julien-Tiberghien-1.png\",\"contentUrl\":\"https:\/\/julientiberghien.com\/wp-content\/uploads\/2024\/04\/Julien-Tiberghien-1.png\",\"width\":500,\"height\":173,\"caption\":\"Julien Tiberghien\"},\"image\":{\"@id\":\"https:\/\/julientiberghien.com\/#\/schema\/logo\/image\/\"}}]}<\/script>\n<!-- \/ Yoast SEO plugin. -->","yoast_head_json":{"title":"Le Quadrille des Abeilles - Julien Tiberghien","robots":{"index":"index","follow":"follow","max-snippet":"max-snippet:-1","max-image-preview":"max-image-preview:large","max-video-preview":"max-video-preview:-1"},"canonical":"https:\/\/julientiberghien.com\/index.php\/projets\/le-quadrille-des-abeilles\/","og_locale":"fr_FR","og_type":"article","og_title":"Le Quadrille des Abeilles - Julien Tiberghien","og_description":"L&rsquo;ann\u00e9e 2023 fut l&rsquo;occasion de pr\u00e9senter le r\u00e9sultat d&rsquo;un travail de recherche important sur un quadrille de 1863 dont nous avions tr\u00e8s peu de sources : le Quadrille des Abeilles, du 09 f\u00e9vrier 1863. Je vous restitue ici les r\u00e9sultats de ce travail, accompagn\u00e9s d&rsquo;une recr\u00e9ation partielle de la chor\u00e9graphie, des costumes et des accessoires. [&hellip;]","og_url":"https:\/\/julientiberghien.com\/index.php\/projets\/le-quadrille-des-abeilles\/","og_site_name":"Julien Tiberghien","article_modified_time":"2024-05-09T13:55:21+00:00","twitter_card":"summary_large_image","twitter_misc":{"Dur\u00e9e de lecture estim\u00e9e":"1 minute"},"schema":{"@context":"https:\/\/schema.org","@graph":[{"@type":"WebPage","@id":"https:\/\/julientiberghien.com\/index.php\/projets\/le-quadrille-des-abeilles\/","url":"https:\/\/julientiberghien.com\/index.php\/projets\/le-quadrille-des-abeilles\/","name":"Le Quadrille des Abeilles - Julien Tiberghien","isPartOf":{"@id":"https:\/\/julientiberghien.com\/#website"},"datePublished":"2024-04-27T13:47:38+00:00","dateModified":"2024-05-09T13:55:21+00:00","breadcrumb":{"@id":"https:\/\/julientiberghien.com\/index.php\/projets\/le-quadrille-des-abeilles\/#breadcrumb"},"inLanguage":"fr-FR","potentialAction":[{"@type":"ReadAction","target":["https:\/\/julientiberghien.com\/index.php\/projets\/le-quadrille-des-abeilles\/"]}]},{"@type":"BreadcrumbList","@id":"https:\/\/julientiberghien.com\/index.php\/projets\/le-quadrille-des-abeilles\/#breadcrumb","itemListElement":[{"@type":"ListItem","position":1,"name":"Accueil","item":"https:\/\/julientiberghien.com\/"},{"@type":"ListItem","position":2,"name":"Projets","item":"https:\/\/julientiberghien.com\/index.php\/projets\/"},{"@type":"ListItem","position":3,"name":"Le Quadrille des Abeilles"}]},{"@type":"WebSite","@id":"https:\/\/julientiberghien.com\/#website","url":"https:\/\/julientiberghien.com\/","name":"Julien Tiberghien","description":"Danseur, musicien, transmetteur","publisher":{"@id":"https:\/\/julientiberghien.com\/#organization"},"potentialAction":[{"@type":"SearchAction","target":{"@type":"EntryPoint","urlTemplate":"https:\/\/julientiberghien.com\/?s={search_term_string}"},"query-input":{"@type":"PropertyValueSpecification","valueRequired":true,"valueName":"search_term_string"}}],"inLanguage":"fr-FR"},{"@type":"Organization","@id":"https:\/\/julientiberghien.com\/#organization","name":"Julien Tiberghien","url":"https:\/\/julientiberghien.com\/","logo":{"@type":"ImageObject","inLanguage":"fr-FR","@id":"https:\/\/julientiberghien.com\/#\/schema\/logo\/image\/","url":"https:\/\/julientiberghien.com\/wp-content\/uploads\/2024\/04\/Julien-Tiberghien-1.png","contentUrl":"https:\/\/julientiberghien.com\/wp-content\/uploads\/2024\/04\/Julien-Tiberghien-1.png","width":500,"height":173,"caption":"Julien Tiberghien"},"image":{"@id":"https:\/\/julientiberghien.com\/#\/schema\/logo\/image\/"}}]}},"_links":{"self":[{"href":"https:\/\/julientiberghien.com\/index.php\/wp-json\/wp\/v2\/pages\/367","targetHints":{"allow":["GET"]}}],"collection":[{"href":"https:\/\/julientiberghien.com\/index.php\/wp-json\/wp\/v2\/pages"}],"about":[{"href":"https:\/\/julientiberghien.com\/index.php\/wp-json\/wp\/v2\/types\/page"}],"author":[{"embeddable":true,"href":"https:\/\/julientiberghien.com\/index.php\/wp-json\/wp\/v2\/users\/1"}],"replies":[{"embeddable":true,"href":"https:\/\/julientiberghien.com\/index.php\/wp-json\/wp\/v2\/comments?post=367"}],"version-history":[{"count":4,"href":"https:\/\/julientiberghien.com\/index.php\/wp-json\/wp\/v2\/pages\/367\/revisions"}],"predecessor-version":[{"id":399,"href":"https:\/\/julientiberghien.com\/index.php\/wp-json\/wp\/v2\/pages\/367\/revisions\/399"}],"up":[{"embeddable":true,"href":"https:\/\/julientiberghien.com\/index.php\/wp-json\/wp\/v2\/pages\/78"}],"wp:attachment":[{"href":"https:\/\/julientiberghien.com\/index.php\/wp-json\/wp\/v2\/media?parent=367"}],"curies":[{"name":"wp","href":"https:\/\/api.w.org\/{rel}","templated":true}]}}